{"id":3939,"date":"2024-05-28T04:01:25","date_gmt":"2024-05-28T04:01:25","guid":{"rendered":"https:\/\/dpatitas.mx\/?page_id=3939"},"modified":"2024-05-28T04:01:26","modified_gmt":"2024-05-28T04:01:26","slug":"pagos-seguros","status":"publish","type":"page","link":"https:\/\/dpatitas.mx\/index.php\/pagos-seguros\/","title":{"rendered":"PAGOS SEGUROS"},"content":{"rendered":"\n<p><strong><mark style=\"background-color:rgba(0, 0, 0, 0)\" class=\"has-inline-color has-yith-proteo-editor-custom-color-1-color\">Te protegemos<br><\/mark><\/strong>Cuando pagas con Mercado Pago, no tienes que revelar tu informaci\u00f3n financiera a nosotros, como los datos de tu tarjeta de cr\u00e9dito o d\u00e9bito, lo que te permite obtener una protecci\u00f3n adicional.<br><\/p>\n\n\n\n<p><strong><mark style=\"background-color:rgba(0, 0, 0, 0)\" class=\"has-inline-color has-yith-proteo-editor-custom-color-1-color\">\u00bfEst\u00e1n seguros mis datos?<br><\/mark><\/strong>Todas las transferencias de datos en esta plataforma se realizan de forma segura mediante conexiones cifradas con protocolo seguro https, y la parte del proceso que implica gesti\u00f3n de dinero y datos de tarjetas de cr\u00e9dito se realiza mediante Mercado Pago con las entidades financieras, por lo que la seguridad y confidencialidad de los pagos est\u00e1 totalmente protegida, D\u00b4Patitas no almacena datos de tarjetas de cr\u00e9dito ni c\u00f3digos bancarios de los clientes.<\/p>\n","protected":false},"excerpt":{"rendered":"<p>Te protegemosCuando pagas con Mercado Pago, no tienes que revelar tu informaci\u00f3n financiera a nosotros, como los datos de tu tarjeta de cr\u00e9dito o d\u00e9bito, lo que te permite obtener una protecci\u00f3n adicional. \u00bfEst\u00e1n seguros mis datos?Todas las transferencias de datos en esta plataforma se realizan de forma segura mediante conexiones cifradas con protocolo seguro<a class=\"more-link\" href=\"https:\/\/dpatitas.mx\/index.php\/pagos-seguros\/\">Ver m\u00e1s \u27f6<\/a><\/p>\n","protected":false},"author":1,"featured_media":0,"parent":0,"menu_order":0,"comment_status":"closed","ping_status":"closed","template":"","meta":{"_editorskit_title_hidden":false,"_editorskit_reading_time":0,"_editorskit_is_block_options_detached":false,"_editorskit_block_options_position":"{}","om_disable_all_campaigns":false,"inline_featured_image":false,"_monsterinsights_skip_tracking":false,"_monsterinsights_sitenote_active":false,"_monsterinsights_sitenote_note":"","_monsterinsights_sitenote_category":0,"_uf_show_specific_survey":0,"_uf_disable_surveys":false,"footnotes":""},"class_list":["post-3939","page","type-page","status-publish","hentry"],"aioseo_notices":[],"_links":{"self":[{"href":"https:\/\/dpatitas.mx\/index.php\/wp-json\/wp\/v2\/pages\/3939","targetHints":{"allow":["GET"]}}],"collection":[{"href":"https:\/\/dpatitas.mx\/index.php\/wp-json\/wp\/v2\/pages"}],"about":[{"href":"https:\/\/dpatitas.mx\/index.php\/wp-json\/wp\/v2\/types\/page"}],"author":[{"embeddable":true,"href":"https:\/\/dpatitas.mx\/index.php\/wp-json\/wp\/v2\/users\/1"}],"replies":[{"embeddable":true,"href":"https:\/\/dpatitas.mx\/index.php\/wp-json\/wp\/v2\/comments?post=3939"}],"version-history":[{"count":1,"href":"https:\/\/dpatitas.mx\/index.php\/wp-json\/wp\/v2\/pages\/3939\/revisions"}],"predecessor-version":[{"id":3940,"href":"https:\/\/dpatitas.mx\/index.php\/wp-json\/wp\/v2\/pages\/3939\/revisions\/3940"}],"wp:attachment":[{"href":"https:\/\/dpatitas.mx\/index.php\/wp-json\/wp\/v2\/media?parent=3939"}],"curies":[{"name":"wp","href":"https:\/\/api.w.org\/{rel}","templated":true}]}}