{"id":5377,"date":"2025-04-15T06:43:20","date_gmt":"2025-04-15T06:43:20","guid":{"rendered":"https:\/\/dpatitas.mx\/?post_type=product&#038;p=5377"},"modified":"2025-05-22T05:54:57","modified_gmt":"2025-05-22T05:54:57","slug":"cuellito-sailor-venus","status":"publish","type":"product","link":"https:\/\/dpatitas.mx\/index.php\/product\/cuellito-sailor-venus\/","title":{"rendered":"Cuellito Sailor Venus"},"content":{"rendered":"","protected":false},"excerpt":{"rendered":"<p>Cuellito Sailor Venus para mascotas de D&#8217;Patitas \u2013 \u00a1Para los fan\u00e1ticos del anime!<br \/>\nLos cuellitos Sailor Moon de D&#8217;Patitas son la opci\u00f3n perfecta para los amantes del anime. Hechos a mano con dise\u00f1o \u00fanico, \u00a1haz que tu peludo luzca como un verdadero h\u00e9roe de Sailor Moon!<\/p>\n","protected":false},"featured_media":4309,"comment_status":"open","ping_status":"closed","template":"","meta":{"_editorskit_title_hidden":false,"_editorskit_reading_time":0,"_editorskit_is_block_options_detached":false,"_editorskit_block_options_position":"{}","om_disable_all_campaigns":false,"inline_featured_image":false,"_monsterinsights_skip_tracking":false,"_monsterinsights_sitenote_active":false,"_monsterinsights_sitenote_note":"","_monsterinsights_sitenote_category":0,"_uf_show_specific_survey":0,"_uf_disable_surveys":false},"product_brand":[],"product_cat":[15],"product_tag":[31],"class_list":{"0":"post-5377","1":"product","2":"type-product","3":"status-publish","4":"has-post-thumbnail","6":"product_cat-bandanas-y-cuellitos","7":"product_tag-cuellitos-sailor-para-mascotas","9":"first","10":"instock","11":"taxable","12":"shipping-taxable","13":"purchasable","14":"product-type-variable"},"aioseo_notices":[],"_links":{"self":[{"href":"https:\/\/dpatitas.mx\/index.php\/wp-json\/wp\/v2\/product\/5377","targetHints":{"allow":["GET"]}}],"collection":[{"href":"https:\/\/dpatitas.mx\/index.php\/wp-json\/wp\/v2\/product"}],"about":[{"href":"https:\/\/dpatitas.mx\/index.php\/wp-json\/wp\/v2\/types\/product"}],"replies":[{"embeddable":true,"href":"https:\/\/dpatitas.mx\/index.php\/wp-json\/wp\/v2\/comments?post=5377"}],"wp:featuredmedia":[{"embeddable":true,"href":"https:\/\/dpatitas.mx\/index.php\/wp-json\/wp\/v2\/media\/4309"}],"wp:attachment":[{"href":"https:\/\/dpatitas.mx\/index.php\/wp-json\/wp\/v2\/media?parent=5377"}],"wp:term":[{"taxonomy":"product_brand","embeddable":true,"href":"https:\/\/dpatitas.mx\/index.php\/wp-json\/wp\/v2\/product_brand?post=5377"},{"taxonomy":"product_cat","embeddable":true,"href":"https:\/\/dpatitas.mx\/index.php\/wp-json\/wp\/v2\/product_cat?post=5377"},{"taxonomy":"product_tag","embeddable":true,"href":"https:\/\/dpatitas.mx\/index.php\/wp-json\/wp\/v2\/product_tag?post=5377"}],"curies":[{"name":"wp","href":"https:\/\/api.w.org\/{rel}","templated":true}]}}