{"id":5900,"date":"2025-09-19T14:21:37","date_gmt":"2025-09-19T14:21:37","guid":{"rendered":"https:\/\/dpatitas.mx\/?post_type=product&#038;p=5900"},"modified":"2025-09-19T14:21:41","modified_gmt":"2025-09-19T14:21:41","slug":"cuello-duende","status":"publish","type":"product","link":"https:\/\/dpatitas.mx\/index.php\/product\/cuello-duende\/","title":{"rendered":"Cuello Duende"},"content":{"rendered":"","protected":false},"excerpt":{"rendered":"<p>Pawsque Encantado, la colecci\u00f3n de oto\u00f1o para mascotas con capas y cuellitos en colores oto\u00f1ales. Moda pet lover con estilo c\u00e1lido y encantador.<\/p>\n","protected":false},"featured_media":5810,"comment_status":"open","ping_status":"closed","template":"","meta":{"_editorskit_title_hidden":false,"_editorskit_reading_time":0,"_editorskit_is_block_options_detached":false,"_editorskit_block_options_position":"{}","om_disable_all_campaigns":false,"inline_featured_image":false,"_monsterinsights_skip_tracking":false,"_monsterinsights_sitenote_active":false,"_monsterinsights_sitenote_note":"","_monsterinsights_sitenote_category":0,"_uf_show_specific_survey":0,"_uf_disable_surveys":false},"product_brand":[],"product_cat":[15],"product_tag":[266],"class_list":{"0":"post-5900","1":"product","2":"type-product","3":"status-publish","4":"has-post-thumbnail","6":"product_cat-bandanas-y-cuellitos","7":"product_tag-coleccion-otono","9":"first","10":"instock","11":"taxable","12":"shipping-taxable","13":"purchasable","14":"product-type-variable"},"aioseo_notices":[],"_links":{"self":[{"href":"https:\/\/dpatitas.mx\/index.php\/wp-json\/wp\/v2\/product\/5900","targetHints":{"allow":["GET"]}}],"collection":[{"href":"https:\/\/dpatitas.mx\/index.php\/wp-json\/wp\/v2\/product"}],"about":[{"href":"https:\/\/dpatitas.mx\/index.php\/wp-json\/wp\/v2\/types\/product"}],"replies":[{"embeddable":true,"href":"https:\/\/dpatitas.mx\/index.php\/wp-json\/wp\/v2\/comments?post=5900"}],"wp:featuredmedia":[{"embeddable":true,"href":"https:\/\/dpatitas.mx\/index.php\/wp-json\/wp\/v2\/media\/5810"}],"wp:attachment":[{"href":"https:\/\/dpatitas.mx\/index.php\/wp-json\/wp\/v2\/media?parent=5900"}],"wp:term":[{"taxonomy":"product_brand","embeddable":true,"href":"https:\/\/dpatitas.mx\/index.php\/wp-json\/wp\/v2\/product_brand?post=5900"},{"taxonomy":"product_cat","embeddable":true,"href":"https:\/\/dpatitas.mx\/index.php\/wp-json\/wp\/v2\/product_cat?post=5900"},{"taxonomy":"product_tag","embeddable":true,"href":"https:\/\/dpatitas.mx\/index.php\/wp-json\/wp\/v2\/product_tag?post=5900"}],"curies":[{"name":"wp","href":"https:\/\/api.w.org\/{rel}","templated":true}]}}