{"id":6125,"date":"2025-11-12T01:03:27","date_gmt":"2025-11-12T01:03:27","guid":{"rendered":"https:\/\/dpatitas.mx\/?post_type=product&#038;p=6125"},"modified":"2025-11-12T01:34:13","modified_gmt":"2025-11-12T01:34:13","slug":"bandana-copos-de-nieve","status":"publish","type":"product","link":"https:\/\/dpatitas.mx\/index.php\/product\/bandana-copos-de-nieve\/","title":{"rendered":"Bandana Copos de Nieve"},"content":{"rendered":"<p>\ud83c\udf84 Colecci\u00f3n Furry Holidays by D\u2019Patitas \ud83c\udf85\u2728<br \/>\nLa temporada m\u00e1s m\u00e1gica del a\u00f1o lleg\u00f3 para consentir a los peluditos con mucho estilo. Nuestra colecci\u00f3n Furry Holidays est\u00e1 inspirada en el esp\u00edritu navide\u00f1o, con capas y bandanas pachoncitas, suaves y c\u00f3modas, ideales para que tus lomitos y michis luzcan adorables en todas las celebraciones.<\/p>\n<p>Cada pieza est\u00e1 elaborada con materiales de calidad y dise\u00f1os \u00fanicos con motivos navide\u00f1os \u2014desde renos y galletas de jengibre hasta Santa y copos de nieve\u2014, perfectos para fotos festivas y momentos llenos de ternura.<\/p>\n<p>\ud83d\udcab Hechos a mano con amor por D\u2019Patitas, estos accesorios no solo abrigan, tambi\u00e9n realzan la personalidad de cada peludo, combinando estilo, comodidad y originalidad.<\/p>\n<p>\ud83d\udccf Tabla de tallas:<\/p>\n<p>XCH: hasta 30 cm de cuello<\/p>\n<p>CH: hasta 37 cm<\/p>\n<p>M: hasta 47 cm<\/p>\n<p>G: hasta 60 cm<\/p>\n<p>\ud83c\udf81 Puedes personalizar los productos, elegir combinaciones o detalles especiales contact\u00e1ndonos directamente por WhatsApp al 5630061064.<\/p>\n<p>\u2728 Deja que tus peluditos roben miradas esta Navidad con el encanto y la calidad de D\u2019Patitas.mx \u2014 porque ellos tambi\u00e9n merecen celebrar con estilo.<\/p>\n","protected":false},"excerpt":{"rendered":"<p>Celebra la magia navide\u00f1a con la colecci\u00f3n Furry Holidays by D\u2019Patitas \ud83c\udf85\u2728. Capas y bandanas pachoncitas con dise\u00f1os ic\u00f3nicos y llenos de esp\u00edritu navide\u00f1o para los peluditos.<\/p>\n","protected":false},"featured_media":6136,"comment_status":"open","ping_status":"closed","template":"","meta":{"_editorskit_title_hidden":false,"_editorskit_reading_time":0,"_editorskit_is_block_options_detached":false,"_editorskit_block_options_position":"{}","om_disable_all_campaigns":false,"inline_featured_image":false,"_monsterinsights_skip_tracking":false,"_monsterinsights_sitenote_active":false,"_monsterinsights_sitenote_note":"","_monsterinsights_sitenote_category":0,"_uf_show_specific_survey":0,"_uf_disable_surveys":false},"product_brand":[],"product_cat":[15],"product_tag":[28],"class_list":{"0":"post-6125","1":"product","2":"type-product","3":"status-publish","4":"has-post-thumbnail","6":"product_cat-bandanas-y-cuellitos","7":"product_tag-accesorios-navidenos-para-mascotas","9":"first","10":"instock","11":"taxable","12":"shipping-taxable","13":"purchasable","14":"product-type-variable"},"aioseo_notices":[],"_links":{"self":[{"href":"https:\/\/dpatitas.mx\/index.php\/wp-json\/wp\/v2\/product\/6125","targetHints":{"allow":["GET"]}}],"collection":[{"href":"https:\/\/dpatitas.mx\/index.php\/wp-json\/wp\/v2\/product"}],"about":[{"href":"https:\/\/dpatitas.mx\/index.php\/wp-json\/wp\/v2\/types\/product"}],"replies":[{"embeddable":true,"href":"https:\/\/dpatitas.mx\/index.php\/wp-json\/wp\/v2\/comments?post=6125"}],"wp:featuredmedia":[{"embeddable":true,"href":"https:\/\/dpatitas.mx\/index.php\/wp-json\/wp\/v2\/media\/6136"}],"wp:attachment":[{"href":"https:\/\/dpatitas.mx\/index.php\/wp-json\/wp\/v2\/media?parent=6125"}],"wp:term":[{"taxonomy":"product_brand","embeddable":true,"href":"https:\/\/dpatitas.mx\/index.php\/wp-json\/wp\/v2\/product_brand?post=6125"},{"taxonomy":"product_cat","embeddable":true,"href":"https:\/\/dpatitas.mx\/index.php\/wp-json\/wp\/v2\/product_cat?post=6125"},{"taxonomy":"product_tag","embeddable":true,"href":"https:\/\/dpatitas.mx\/index.php\/wp-json\/wp\/v2\/product_tag?post=6125"}],"curies":[{"name":"wp","href":"https:\/\/api.w.org\/{rel}","templated":true}]}}